{"id":3136,"date":"2020-12-09T14:08:19","date_gmt":"2020-12-09T13:08:19","guid":{"rendered":"https:\/\/stn.cm.umk.pl\/?page_id=3136"},"modified":"2026-01-14T16:26:18","modified_gmt":"2026-01-14T15:26:18","slug":"skn-perinatologii-ginekologii-i-medycyny-rozrodu","status":"publish","type":"page","link":"https:\/\/stn.cm.umk.pl\/gb\/skn-perinatologii-ginekologii-i-medycyny-rozrodu\/","title":{"rendered":"SKN Perinatologii, Ginekologii i Medycyny Rozrodu"},"content":{"rendered":"\n<p><strong>Jednostka organizacyjna: <\/strong>Katedra Po\u0142o\u017cnictwa, Chor\u00f3b Kobiecych i Ginekologii Onkologicznej<br><strong>Opiekun Ko\u0142a: <\/strong>prof. dr hab. n. med. Mariusz Dubiel, dr. n. med. Rafa\u0142 Adamczak<br><b>Przewodnicz\u0105cy:<\/b> Martyna Holc<br><b>Kontakt:<\/b> 320264@stud.umk.pl<\/p>\n\n\n\n<p><b>Opis dzia\u0142alno\u015bci:<\/b><br>Dzia\u0142alno\u015b\u0107 Ko\u0142a Naukowego umo\u017cliwia studentom zapoznanie si\u0119 z prac\u0105 kliniczn\u0105, uczestnicz\u0105c w dy\u017curach lekarskich a tak\u017ce w codziennej pracy na oddziale. Dzia\u0142alno\u015b\u0107 umo\u017cliwi zaznajomienie si\u0119 z tematyk\u0105 perinatologii i medycyny rozrodu wykraczaj\u0105c\u0105 poza program studi\u00f3w. W ramach dzia\u0142alno\u015bci odbywaj\u0105 si\u0119 spotkania ze specjalistami, kt\u00f3rzy przybli\u017c\u0105 ciekaw\u0105 tematyk\u0119 z najnowszych doniesie\u0144 naukowych oraz podziel\u0105 si\u0119 w\u0142asnym do\u015bwiadczeniem zawodowym. Cz\u0142onkowie Ko\u0142a b\u0119d\u0105 mogli uczestniczy\u0107 w dzia\u0142alno\u015bci naukowej Kliniki poprzez czynny udzia\u0142 w pisaniu prac naukowych oraz w Og\u00f3lnopolskich Spotkaniach i Konferencjach.<\/p>\n","protected":false},"excerpt":{"rendered":"<p>Jednostka organizacyjna: Katedra Po\u0142o\u017cnictwa, Chor\u00f3b Kobiecych i Ginekologii OnkologicznejOpiekun Ko\u0142a: prof. dr hab. n. med. Mariusz Dubiel, dr. n. med. Rafa\u0142 AdamczakPrzewodnicz\u0105cy: Martyna HolcKontakt: 320264@stud.umk.pl Opis dzia\u0142alno\u015bci:Dzia\u0142alno\u015b\u0107 Ko\u0142a Naukowego umo\u017cliwia studentom zapoznanie si\u0119 z prac\u0105 kliniczn\u0105, uczestnicz\u0105c w dy\u017curach lekarskich a tak\u017ce w codziennej pracy na oddziale. Dzia\u0142alno\u015b\u0107 umo\u017cliwi zaznajomienie si\u0119 z tematyk\u0105 perinatologii i &hellip; <a href=\"https:\/\/stn.cm.umk.pl\/gb\/skn-perinatologii-ginekologii-i-medycyny-rozrodu\/\" class=\"more-link\">Continue reading<span class=\"screen-reader-text\"> &#8220;SKN Perinatologii, Ginekologii i Medycyny Rozrodu&#8221;<\/span><\/a><\/p>\n","protected":false},"author":12,"featured_media":0,"parent":0,"menu_order":0,"comment_status":"closed","ping_status":"closed","template":"","meta":{"footnotes":""},"class_list":["post-3136","page","type-page","status-publish","hentry"],"translation":{"provider":"WPGlobus","version":"3.0.0","language":"gb","enabled_languages":["pl","gb"],"languages":{"pl":{"title":true,"content":true,"excerpt":false},"gb":{"title":false,"content":false,"excerpt":false}}},"aioseo_notices":[],"jetpack_sharing_enabled":true,"_links":{"self":[{"href":"https:\/\/stn.cm.umk.pl\/gb\/wp-json\/wp\/v2\/pages\/3136","targetHints":{"allow":["GET"]}}],"collection":[{"href":"https:\/\/stn.cm.umk.pl\/gb\/wp-json\/wp\/v2\/pages"}],"about":[{"href":"https:\/\/stn.cm.umk.pl\/gb\/wp-json\/wp\/v2\/types\/page"}],"author":[{"embeddable":true,"href":"https:\/\/stn.cm.umk.pl\/gb\/wp-json\/wp\/v2\/users\/12"}],"replies":[{"embeddable":true,"href":"https:\/\/stn.cm.umk.pl\/gb\/wp-json\/wp\/v2\/comments?post=3136"}],"version-history":[{"count":5,"href":"https:\/\/stn.cm.umk.pl\/gb\/wp-json\/wp\/v2\/pages\/3136\/revisions"}],"predecessor-version":[{"id":4840,"href":"https:\/\/stn.cm.umk.pl\/gb\/wp-json\/wp\/v2\/pages\/3136\/revisions\/4840"}],"wp:attachment":[{"href":"https:\/\/stn.cm.umk.pl\/gb\/wp-json\/wp\/v2\/media?parent=3136"}],"curies":[{"name":"wp","href":"https:\/\/api.w.org\/{rel}","templated":true}]}}