{"id":2633,"date":"2020-01-16T21:18:25","date_gmt":"2020-01-16T20:18:25","guid":{"rendered":"https:\/\/stn8.cm.umk.pl\/?page_id=2633"},"modified":"2025-10-18T19:26:24","modified_gmt":"2025-10-18T17:26:24","slug":"skn-okulistyki","status":"publish","type":"page","link":"https:\/\/stn.cm.umk.pl\/gb\/skn-okulistyki\/","title":{"rendered":"SRC Ophthalmology"},"content":{"rendered":"\n<p><strong>Jednostka organizacyjna:<\/strong> Katedra Chor\u00f3b Oczu <br><strong>Opiekun: <\/strong>dr Karolina Ka\u017amierczak <br><strong>Przewodnicz\u0105ca:<\/strong> Szymon Konczy\u0144ski<br><strong>Kontakt:<\/strong> <\/p>\n\n\n\n<p><strong>Opis dzia\u0142alno\u015bci SKN:<\/strong><\/p>\n\n\n\n<p>G\u0142\u00f3wnym celem Studenckiego Ko\u0142a Naukowego Okulistyki jest propagowanie wiedzy z zakresu chor\u00f3b oczu oraz rozw\u00f3j umiej\u0119tno\u015bci praktycznych. Studenci kierunku lekarskiego maj\u0105 mo\u017cliwo\u015b\u0107 uczestnictwa w dy\u017curach, zabiegach operacyjnych pod okiem do\u015bwiadczonych specjalist\u00f3w. Cz\u0142onkowie mog\u0105 r\u00f3wnie\u017c rozwija\u0107 si\u0119 naukowo poprzez czynny udzia\u0142 w konferencjach jak i publikacjach naukowych.<\/p>\n","protected":false},"excerpt":{"rendered":"<p>Jednostka organizacyjna: Katedra Chor\u00f3b Oczu Opiekun: dr Karolina Ka\u017amierczak Przewodnicz\u0105ca: Szymon Konczy\u0144skiKontakt: Opis dzia\u0142alno\u015bci SKN: G\u0142\u00f3wnym celem Studenckiego Ko\u0142a Naukowego Okulistyki jest propagowanie wiedzy z zakresu chor\u00f3b oczu oraz rozw\u00f3j umiej\u0119tno\u015bci praktycznych. Studenci kierunku lekarskiego maj\u0105 mo\u017cliwo\u015b\u0107 uczestnictwa w dy\u017curach, zabiegach operacyjnych pod okiem do\u015bwiadczonych specjalist\u00f3w. Cz\u0142onkowie mog\u0105 r\u00f3wnie\u017c rozwija\u0107 si\u0119 naukowo poprzez czynny udzia\u0142 &hellip; <a href=\"https:\/\/stn.cm.umk.pl\/gb\/skn-okulistyki\/\" class=\"more-link\">Continue reading<span class=\"screen-reader-text\"> &#8220;SRC Ophthalmology&#8221;<\/span><\/a><\/p>\n","protected":false},"author":12,"featured_media":0,"parent":0,"menu_order":0,"comment_status":"closed","ping_status":"closed","template":"","meta":{"footnotes":""},"class_list":["post-2633","page","type-page","status-publish","hentry"],"translation":{"provider":"WPGlobus","version":"3.0.0","language":"gb","enabled_languages":["pl","gb"],"languages":{"pl":{"title":true,"content":true,"excerpt":false},"gb":{"title":true,"content":false,"excerpt":false}}},"aioseo_notices":[],"jetpack_sharing_enabled":true,"_links":{"self":[{"href":"https:\/\/stn.cm.umk.pl\/gb\/wp-json\/wp\/v2\/pages\/2633","targetHints":{"allow":["GET"]}}],"collection":[{"href":"https:\/\/stn.cm.umk.pl\/gb\/wp-json\/wp\/v2\/pages"}],"about":[{"href":"https:\/\/stn.cm.umk.pl\/gb\/wp-json\/wp\/v2\/types\/page"}],"author":[{"embeddable":true,"href":"https:\/\/stn.cm.umk.pl\/gb\/wp-json\/wp\/v2\/users\/12"}],"replies":[{"embeddable":true,"href":"https:\/\/stn.cm.umk.pl\/gb\/wp-json\/wp\/v2\/comments?post=2633"}],"version-history":[{"count":8,"href":"https:\/\/stn.cm.umk.pl\/gb\/wp-json\/wp\/v2\/pages\/2633\/revisions"}],"predecessor-version":[{"id":4701,"href":"https:\/\/stn.cm.umk.pl\/gb\/wp-json\/wp\/v2\/pages\/2633\/revisions\/4701"}],"wp:attachment":[{"href":"https:\/\/stn.cm.umk.pl\/gb\/wp-json\/wp\/v2\/media?parent=2633"}],"curies":[{"name":"wp","href":"https:\/\/api.w.org\/{rel}","templated":true}]}}