{"id":2571,"date":"2020-01-16T21:00:07","date_gmt":"2020-01-16T20:00:07","guid":{"rendered":"https:\/\/stn8.cm.umk.pl\/?page_id=2571"},"modified":"2025-01-28T15:58:13","modified_gmt":"2025-01-28T14:58:13","slug":"skn-dermatologii","status":"publish","type":"page","link":"https:\/\/stn.cm.umk.pl\/gb\/skn-dermatologii\/","title":{"rendered":"SRC Dermatology"},"content":{"rendered":"\n<p><strong>Przewodnicz\u0105cy: <\/strong>Adam We\u0142niak<br><strong>Kontakt: <\/strong>welniakadam96@gmail.com <\/p>\n\n\n\n<p><strong>Opis dzia\u0142alno\u015bci:<\/strong><br>Prace przegl\u0105dowe o tematyce:<br>1. \u0141uszczyca a zesp\u00f3\u0142 metaboliczny <br>2. Cynk a bielactwo nabyte <br>3. Zale\u017cno\u015b\u0107 mi\u0119dzy atopowym zapaleniem sk\u00f3ry a alergicznym  kontaktowym zapaleniem sk\u00f3ry  <br><br>Badania na podstawie kt\u00f3rych b\u0119d\u0105 opracowywane prace  oryginalne: <br>1. Cz\u0119sto\u015b\u0107 wyst\u0119powania zespo\u0142u metabolicznego u pacjent\u00f3w z  \u0142uszczyc\u0105 2. St\u0119\u017cenie cynku we krwi pacjent\u00f3w z bielactwem nabytym <br>3. Testy nask\u00f3rkowe u pacjent\u00f3w z atopowym zapaleniem sk\u00f3ry  <br><br>Wyst\u0105pienia na Konferencjach.  <br><br>Organizacja Szkole\u0144 poszerzaj\u0105cych zakres wiedzy  i umiej\u0119tno\u015bci cz\u0142onk\u00f3w Ko\u0142a.<\/p>\n","protected":false},"excerpt":{"rendered":"<p>Przewodnicz\u0105cy: Adam We\u0142niakKontakt: welniakadam96@gmail.com Opis dzia\u0142alno\u015bci:Prace przegl\u0105dowe o tematyce:1. \u0141uszczyca a zesp\u00f3\u0142 metaboliczny 2. Cynk a bielactwo nabyte 3. Zale\u017cno\u015b\u0107 mi\u0119dzy atopowym zapaleniem sk\u00f3ry a alergicznym kontaktowym zapaleniem sk\u00f3ry Badania na podstawie kt\u00f3rych b\u0119d\u0105 opracowywane prace oryginalne: 1. Cz\u0119sto\u015b\u0107 wyst\u0119powania zespo\u0142u metabolicznego u pacjent\u00f3w z \u0142uszczyc\u0105 2. St\u0119\u017cenie cynku we krwi pacjent\u00f3w z bielactwem nabytym &hellip; <a href=\"https:\/\/stn.cm.umk.pl\/gb\/skn-dermatologii\/\" class=\"more-link\">Continue reading<span class=\"screen-reader-text\"> &#8220;SRC Dermatology&#8221;<\/span><\/a><\/p>\n","protected":false},"author":12,"featured_media":0,"parent":0,"menu_order":0,"comment_status":"closed","ping_status":"closed","template":"","meta":{"footnotes":""},"class_list":["post-2571","page","type-page","status-publish","hentry"],"translation":{"provider":"WPGlobus","version":"3.0.0","language":"gb","enabled_languages":["pl","gb"],"languages":{"pl":{"title":true,"content":true,"excerpt":false},"gb":{"title":true,"content":true,"excerpt":false}}},"aioseo_notices":[],"jetpack_sharing_enabled":true,"_links":{"self":[{"href":"https:\/\/stn.cm.umk.pl\/gb\/wp-json\/wp\/v2\/pages\/2571","targetHints":{"allow":["GET"]}}],"collection":[{"href":"https:\/\/stn.cm.umk.pl\/gb\/wp-json\/wp\/v2\/pages"}],"about":[{"href":"https:\/\/stn.cm.umk.pl\/gb\/wp-json\/wp\/v2\/types\/page"}],"author":[{"embeddable":true,"href":"https:\/\/stn.cm.umk.pl\/gb\/wp-json\/wp\/v2\/users\/12"}],"replies":[{"embeddable":true,"href":"https:\/\/stn.cm.umk.pl\/gb\/wp-json\/wp\/v2\/comments?post=2571"}],"version-history":[{"count":19,"href":"https:\/\/stn.cm.umk.pl\/gb\/wp-json\/wp\/v2\/pages\/2571\/revisions"}],"predecessor-version":[{"id":4506,"href":"https:\/\/stn.cm.umk.pl\/gb\/wp-json\/wp\/v2\/pages\/2571\/revisions\/4506"}],"wp:attachment":[{"href":"https:\/\/stn.cm.umk.pl\/gb\/wp-json\/wp\/v2\/media?parent=2571"}],"curies":[{"name":"wp","href":"https:\/\/api.w.org\/{rel}","templated":true}]}}