{"id":2554,"date":"2020-01-16T20:54:17","date_gmt":"2020-01-16T19:54:17","guid":{"rendered":"https:\/\/stn8.cm.umk.pl\/?page_id=2554"},"modified":"2026-02-05T19:20:44","modified_gmt":"2026-02-05T18:20:44","slug":"skn-biologii-i-biochemii-medycznej","status":"publish","type":"page","link":"https:\/\/stn.cm.umk.pl\/gb\/skn-biologii-i-biochemii-medycznej\/","title":{"rendered":"SRC Medical Biology and Biochemistery"},"content":{"rendered":"<div class=\"wp-block-image\">\n<figure class=\"aligncenter size-full\"><a href=\"https:\/\/stn.cm.umk.pl\/wp-content\/uploads\/2025\/11\/image-3.png\"><img loading=\"lazy\" decoding=\"async\" width=\"373\" height=\"373\" src=\"https:\/\/stn.cm.umk.pl\/wp-content\/uploads\/2025\/11\/image-3.png\" alt=\"\" class=\"wp-image-4788\" srcset=\"https:\/\/stn.cm.umk.pl\/wp-content\/uploads\/2025\/11\/image-3.png 373w, https:\/\/stn.cm.umk.pl\/wp-content\/uploads\/2025\/11\/image-3-300x300.png 300w, https:\/\/stn.cm.umk.pl\/wp-content\/uploads\/2025\/11\/image-3-150x150.png 150w\" sizes=\"auto, (max-width: 373px) 85vw, 373px\" \/><\/a><\/figure><\/div>\n\n\n<p>The <strong>Student Research Club (SRC) of Medical Biology and Biochemistry<\/strong> focuses its scientific activities on a broad range of topics in medical biology and biochemistry. Special emphasis is placed on research into central nervous system diseases, such as strokes and neurodegenerative disorders, including Parkinson&#8217;s and Alzheimer&#8217;s disease. Additionally, members of the club explore issues related to oncology, concentrating on various aspects of tumors and their biomarkers. The SRC is also involved in studying the mechanisms of oxidative stress and the role of antioxidants. Another key area of research includes the endocrine function of adipose tissue and the influence of adipokines on homeostasis, as well as the role of melatonin and vitamin D in various physiological and pathological processes. Additionally, the research covers the analysis of inflammatory markers and the mechanisms of inflammatory processes.<\/p>\n\n\n\n<p>Members of the SRC actively engage in research projects and present their findings at numerous scientific conferences both nationally and internationally. They participate in symposiums, workshops, and scientific meetings, gaining valuable experience in presenting their research. The achievements of the students are also published in peer-reviewed international journals.<\/p>\n\n\n\n<p>The club\u2019s research activities also include practical laboratory sessions, where students acquire essential skills in working with modern research methods. They perform biochemical assays using advanced techniques such as spectrophotometric and immunoenzymatic methods (ELISA).<\/p>\n\n\n\n<p><strong>Student Research Club of Medical Biology and Biochemistry operates under the Department of Medical Biology and Biochemistry (address: Kar\u0142owicza 24 Street, 85-092 Bydgoszcz).<\/strong><\/p>\n\n\n\n<p>&#8212;&#8212;&#8212;&#8212;&#8212;&#8212;&#8212;&#8212;&#8212;&#8212;&#8212;&#8212;&#8212;&#8212;&#8212;&#8212;&#8212;&#8212;&#8212;&#8211;<\/p>\n\n\n\n<p><strong>Supervisors:<\/strong><\/p>\n\n\n\n<ul class=\"wp-block-list\">\n<li>Jaros\u0142aw Nuszkiewicz, PhD (email: <a href=\"mailto:jnuszkiewicz@cm.umk.pl\">jnuszkiewicz@cm.umk.pl<\/a>)<\/li>\n\n\n\n<li>Karolina Szewczyk-Golec, PhD, prof. UMK (email: <a href=\"mailto:karosz@cm.umk.pl\">karosz@cm.umk.pl<\/a>)<\/li>\n<\/ul>\n\n\n\n<p><strong>Representative: <\/strong>Julia Markiel (email: <a href=\"mailto:markiel.julia1@gmail.com\">markiel.julia1@gmail.com<\/a>)<\/p>\n\n\n\n<p>&#8212;&#8212;&#8212;&#8212;&#8212;&#8212;&#8212;&#8212;&#8212;&#8212;&#8212;&#8212;&#8212;&#8212;&#8212;&#8212;&#8212;&#8212;&#8212;&#8211;<\/p>\n\n\n\n<p><strong>How to join the Student Research Club of Medical Biology and Biochemistry:<\/strong><\/p>\n\n\n\n<ol class=\"wp-block-list\">\n<li>Complete the membership declaration form. The declaration form can be filled in electronically or by hand. The signed document should be scanned and sent by e-mail to the supervisors of the SRC or delivered in person to the Department of Medical Biology and Biochemistry.<\/li>\n<\/ol>\n\n\n\n<ul class=\"wp-block-list\">\n<li><a href=\"https:\/\/stn.cm.umk.pl\/wp-content\/uploads\/2025\/11\/Application-SRC-Medical-Biology-and-Biochemistry-PDF.pdf\" title=\"\">Declaration \u2013 PDF version<\/a><\/li>\n\n\n\n<li><a href=\"https:\/\/stn.cm.umk.pl\/wp-content\/uploads\/2025\/11\/Application-SRC-Medical-Biology-and-Biochemistry-Editable.docx\" title=\"\">Declaration \u2013 editable version<\/a><\/li>\n\n\n\n<li>Fill out the online form: <a href=\"https:\/\/forms.office.com\/e\/ZMt9Z1tQT8\">https:\/\/forms.office.com\/e\/ZMt9Z1tQT8<\/a><\/li>\n\n\n\n<li>Join the Club\u2019s group on the MS Teams platform: <a href=\"https:\/\/teams.microsoft.com\/l\/team\/19%3A8e361e284e224147af7edcb947e4620c%40thread.tacv2\/conversations?groupId=715a92c0-ce86-4094-80a6-990abe966228&amp;tenantId=e80a627f-ef94-4aa9-82d6-c7ec9cfca324\">https:\/\/teams.microsoft.com\/l\/team\/19%3A8e361e284e224147af7edcb947e4620c%40thread.tacv2\/conversations?groupId=715a92c0-ce86-4094-80a6-990abe966228&amp;tenantId=e80a627f-ef94-4aa9-82d6-c7ec9cfca324<\/a>.<br>Once your membership declaration has been accepted, your request to join the MS Teams group will be approved by the supervisors or the representative of the SRC.<\/li>\n<\/ul>\n\n\n\n<p>&#8212;&#8212;&#8212;&#8212;&#8212;&#8212;&#8212;&#8212;&#8212;&#8212;&#8212;&#8212;&#8212;&#8212;&#8212;&#8212;&#8212;&#8212;&#8212;&#8211;<\/p>\n\n\n\n<p><strong>Selected achievements of the Student Research Club of Medical Biology and Biochemistry:<\/strong><\/p>\n\n\n\n<ul class=\"wp-block-list\">\n<li>For the academic year 2023\/2024: <strong>1st<\/strong> place in the category of Best Student Research Club at CM UMK and <strong>1st<\/strong> place in the category of Best Student Research Club at the Faculty of Medicine, CM UMK.<\/li>\n\n\n\n<li>For the academic year 2022\/2023: <strong>2nd<\/strong> place in the category of Best Student Research Club at the Faculty of Medicine, CM UMK and <strong>4th<\/strong> place among all Student Research Clubs operating at CM UMK.<\/li>\n\n\n\n<li>For the academic year 2024\/2025: <strong>1st place<\/strong> in the category of the Best Student Research Club at the Collegium Medicum of Nicolaus Copernicus University and <strong>1st place<\/strong> in the category of the Best Student Research Club at the Faculty of Medicine. <\/li>\n\n\n\n<li>In the academic year 2024\/2025: Jan Milanowski, a sixth-year medical student and a long-standing member of the Student Research Club of Medical Biology and Biochemistry, was awarded the &#8220;Wac\u0142aw Mayzel Medical Laurel&#8221;, granted by Division V (Medical Sciences) of the Polish Academy of Sciences, on 27 November 2025.<\/li>\n<\/ul>\n\n\n\n<figure class=\"wp-block-image size-large\"><a href=\"https:\/\/stn.cm.umk.pl\/wp-content\/uploads\/2026\/02\/Prosba-o-aktualizacje-opisu-SKN-Biologii-i-Biochemii-Medycznej-wersja-PL-oraz-materialow-graficznych-na-stronie-internetowej-1.png\"><img loading=\"lazy\" decoding=\"async\" width=\"692\" height=\"1024\" src=\"https:\/\/stn.cm.umk.pl\/wp-content\/uploads\/2026\/02\/Prosba-o-aktualizacje-opisu-SKN-Biologii-i-Biochemii-Medycznej-wersja-PL-oraz-materialow-graficznych-na-stronie-internetowej-1-692x1024.png\" alt=\"\" class=\"wp-image-4918\" srcset=\"https:\/\/stn.cm.umk.pl\/wp-content\/uploads\/2026\/02\/Prosba-o-aktualizacje-opisu-SKN-Biologii-i-Biochemii-Medycznej-wersja-PL-oraz-materialow-graficznych-na-stronie-internetowej-1-692x1024.png 692w, https:\/\/stn.cm.umk.pl\/wp-content\/uploads\/2026\/02\/Prosba-o-aktualizacje-opisu-SKN-Biologii-i-Biochemii-Medycznej-wersja-PL-oraz-materialow-graficznych-na-stronie-internetowej-1-203x300.png 203w, https:\/\/stn.cm.umk.pl\/wp-content\/uploads\/2026\/02\/Prosba-o-aktualizacje-opisu-SKN-Biologii-i-Biochemii-Medycznej-wersja-PL-oraz-materialow-graficznych-na-stronie-internetowej-1-768x1137.png 768w, https:\/\/stn.cm.umk.pl\/wp-content\/uploads\/2026\/02\/Prosba-o-aktualizacje-opisu-SKN-Biologii-i-Biochemii-Medycznej-wersja-PL-oraz-materialow-graficznych-na-stronie-internetowej-1-1038x1536.png 1038w, https:\/\/stn.cm.umk.pl\/wp-content\/uploads\/2026\/02\/Prosba-o-aktualizacje-opisu-SKN-Biologii-i-Biochemii-Medycznej-wersja-PL-oraz-materialow-graficznych-na-stronie-internetowej-1-1383x2048.png 1383w, https:\/\/stn.cm.umk.pl\/wp-content\/uploads\/2026\/02\/Prosba-o-aktualizacje-opisu-SKN-Biologii-i-Biochemii-Medycznej-wersja-PL-oraz-materialow-graficznych-na-stronie-internetowej-1-1200x1776.png 1200w, https:\/\/stn.cm.umk.pl\/wp-content\/uploads\/2026\/02\/Prosba-o-aktualizacje-opisu-SKN-Biologii-i-Biochemii-Medycznej-wersja-PL-oraz-materialow-graficznych-na-stronie-internetowej-1.png 1653w\" sizes=\"auto, (max-width: 692px) 85vw, 692px\" \/><\/a><\/figure>\n\n\n\n<p>&#8212;&#8212;&#8212;&#8212;&#8212;&#8212;&#8212;&#8212;&#8212;&#8212;&#8212;&#8212;&#8212;&#8212;&#8212;&#8212;&#8212;&#8212;&#8212;&#8211;<\/p>\n\n\n\n<p><strong>Selected research projects, publications, and scientific conferences of the Student Research Club of Medical Biology and Biochemistry:<\/strong><\/p>\n\n\n\n<ol class=\"wp-block-list\">\n<li>Titles of research projects carried out as part of Student Scientific Research:<\/li>\n\n\n\n<li>Assessment of melatonin levels against the backdrop of neuroinflammation in patients with ischemic stroke<\/li>\n\n\n\n<li>Assessment of tumor necrosis factor-alpha and interleukin 31 levels against the backdrop of neuroinflammation in patients with ischemic stroke<\/li>\n\n\n\n<li>Evaluation of the level of advanced glycation end-products and antibodies against oxidized low-density lipoproteins in patients with neuroendocrine tumors<\/li>\n\n\n\n<li>Assessment of oxidative and nitrosative stress markers in the blood of patients with neuroendocrine tumors<\/li>\n\n\n\n<li>Evaluation of inflammatory state parameters in the blood of patients with Parkinson&#8217;s disease<\/li>\n\n\n\n<li>Assessment of selected adipokine levels in the blood of patients with Parkinson&#8217;s disease<\/li>\n\n\n\n<li>Assessment of melatonin and leptin levels in the blood of patients with Parkinson&#8217;s disease<\/li>\n\n\n\n<li>Evaluation of adiponectin and resistin levels in the blood of patients with Parkinson&#8217;s disease<\/li>\n\n\n\n<li>Correlation of vitamin D levels to the activity of antioxidative enzymes in the blood of healthy individuals<\/li>\n<\/ol>\n\n\n\n<ul class=\"wp-block-list\">\n<li>Selected scientific publications:<\/li>\n\n\n\n<li>Czaj, P. V.; Szewczyk-Golec, K.; Nuszkiewicz, J.; Wo\u017aniak, A. Gut Dysbiosis and Microbiota-Derived Metabolites in Neurodegenerative Diseases: Molecular and Biochemical Mechanisms Along the Gut\u2013Brain Axis. Molecules 2026, 31, 490. DOI: 10.3390\/molecules31030490. https:\/\/doi.org\/10.3390\/molecules31030490<\/li>\n\n\n\n<li>Kruszka, J.; Marty\u0144ski, J.; Szewczyk-Golec, K.; Wo\u017aniak, A.; Nuszkiewicz, J. The Role of Selected Flavonoids in Modulating Neuroinflammation in Alzheimer\u2019s Disease: Mechanisms and Therapeutic Potential. Brain Sciences 2025, 15, 485. DOI: 10.3390\/brainsci15050485. https:\/\/doi.org\/10.3390\/brainsci15050485<\/li>\n\n\n\n<li>Nuszkiewicz, J.; Rzepka, W.; Markiel, J.; Porzych, M.; Wo\u017aniak, A.; Szewczyk-Golec, K. Circadian Rhythm Disruptions and Cardiovascular Disease Risk: The Special Role of Melatonin. Current Issues in Molecular Biology 2025, 47, 664. DOI: 10.3390\/cimb47080664. https:\/\/doi.org\/10.3390\/cimb47080664<\/li>\n\n\n\n<li>Paw\u0142owska, M.; Nuszkiewicz, J.; Jarek, D. J.; Wo\u017aniak, A. Ferroptosis and Metabolic Dysregulation: Emerging Chemical Targets in Cancer and Infection. Molecules 2025, 30, 3020. DOI: 10.3390\/molecules30143020. https:\/\/doi.org\/10.3390\/molecules30143020<\/li>\n\n\n\n<li>Jarek, D. J.; Mizerka, H.; Nuszkiewicz, J.; Szewczyk-Golec, K. Evaluating P-Tau217 and p-Tau231 as Biomarkers for Early Diagnosis and Differentiation of Alzheimer\u2019s Disease: A Narrative Review. Biomedicines 2024, 12, 786. DOI: 10.3390\/biomedicines12040786. https:\/\/doi.org\/10.3390\/biomedicines12040786<\/li>\n\n\n\n<li>Milanowski, J.; Nuszkiewicz, J.; Lisewska, B.; Lisewski, P.; Szewczyk-Golec, K. Adipokines, Vitamin D, and Selected Inflammatory Biomarkers among Parkinson\u2019s Disease Patients with and without Dyskinesia: A Preliminary Examination. Metabolites 2024, 14, 106. DOI: 10.3390\/metabo14020106. https:\/\/doi.org\/10.3390\/metabo14020106<\/li>\n\n\n\n<li>Nuszkiewicz, J.; Kukulska-Pawluczuk, B.; Piec, K.; Jarek, D. J.; Motolko, K.; Szewczyk-Golec, K.; Wo\u017aniak, A. Intersecting Pathways: The Role of Metabolic Dysregulation, Gastrointestinal Microbiome, and Inflammation in Acute Ischemic Stroke Pathogenesis and Outcomes. Journal of Clinical Medicine 2024, 13, 4258. DOI: 10.3390\/jcm13144258. https:\/\/doi.org\/10.3390\/jcm13144258<\/li>\n\n\n\n<li>Milanowski, J.; Kozerawski, K.; Fal\u0119cka, W.; Dudek, D.; Lisewska, B.; Lisewski, P.; Nuszkiewicz, J.; Weso\u0142owski, R.; Wojtasik, J.; Mila-Kierzenkowska, C.; et al. Changes in the Secretion of Melatonin and Selected Adipokines during the Progression of Parkinson\u2019s Disease\u2014Preliminary Studies. Metabolites 2023, 13, 668. DOI: 10.3390\/metabo13050668. https:\/\/doi.org\/10.3390\/metabo13050668<\/li>\n\n\n\n<li>Nuszkiewicz, J.; Kwiatkowska, A.; Majko, K.; Weso\u0142owski, R.; Szewczyk-Golec, K. Stres oksydacyjny i stan zapalny a rozw\u00f3j oty\u0142o\u015bci: protekcyjne dzia\u0142anie melatoniny. Problemy Higieny i Epidemiologii 2017, 98(3), 226\u2013232.<\/li>\n\n\n\n<li>Tulska, D.; Skonieczna, D.; Nuszkiewicz, J.; Szewczyk-Golec, K. Nowe markery u\u017cyteczne w prognozowaniu udaru niedokrwiennego m\u00f3zgu. MEDtube Science, 2017, Vol. VII (4), Supplement, 94.<\/li>\n\n\n\n<li>Nuszkiewicz, J.; Paw\u0142owska, M.; Skonieczna, D.; Kupczyk, D.; Szewczyk-Golec, K. Wp\u0142yw suplementacji melatonin\u0105 na wybrane parametry stresu oksydacyjnego oraz st\u0119\u017cenie adipokin u kobiet z oty\u0142o\u015bci\u0105 prost\u0105 stosuj\u0105cych diet\u0119 o ograniczonej kaloryczno\u015bci. MEDtube Science, 2017, Vol. VII (4), Supplement, 145.<\/li>\n\n\n\n<li>Malicka, D.; Markowska, D.; Nuszkiewicz, J.; Szewczyk-Golec, K. Wp\u0142yw melatoniny na mechanizmy obrony antyoksydacyjnej w chorobie Alzheimera. Post\u0119py Higieny i Medycyny Do\u015bwiadczalnej 2018, 72, 1114\u20131122. DOI: 10.5604\/01.3001.0012.8252. https:\/\/doi.org\/10.5604\/01.3001.0012.8252<\/li>\n\n\n\n<li>Markowska, D.; Malicka, D.; Nuszkiewicz, J.; Szewczyk-Golec, K. Rola wybranych antyoksydant\u00f3w w rozwoju i leczeniu choroby Parkinsona. Post\u0119py Higieny i Medycyny Do\u015bwiadczalnej 2019, 73, 516\u2013528. DOI: 10.5604\/01.3001.0013.5252. https:\/\/doi.org\/10.5604\/01.3001.0013.5252<\/li>\n\n\n\n<li>Malicka, D.; Markowska, D.; Nuszkiewicz, J. Problematyka z zakresu medycyny i nauk pokrewnych \u2013 przegl\u0105d i badania. Tom 1. Rozdzia\u0142: Rola wybranych antyoksydant\u00f3w i adipokin w prewencji i leczeniu choroby Parkinsona. Wydawnictwo Naukowe TYGIEL, 2019.<\/li>\n<\/ul>\n\n\n\n<ul class=\"wp-block-list\">\n<li>Selected scientific conferences:<\/li>\n\n\n\n<li>Alicja Zi\u0119tara, Oliwia Kotowska, Marlena Budek, Jaros\u0142aw Nuszkiewicz; \u201eEvaluation of advanced glycation end product and antibodies against oxidized low-density lipoproteins levels in patients with neuroendocrine tumors based on tumor location\u201d, 9th International Electronic Conference on Medicinal Chemistry 2023 \u2013 online \u2013 01-30.11.2023 r. DOI: 10.3390\/ECMC2023-15592<\/li>\n\n\n\n<li>Barbara Zy\u015bk, Jagoda Skrzeszewska, Marlena Budek, Karolina Szewczyk-Golec; \u201eEvaluation of markers of oxidative and nitrosative stress in the blood of patients with neuroendocrine tumors\u201d, 9th International Electronic Conference on Medicinal Chemistry 2023 \u2013 online \u2013 01-30.11.2023 r. DOI: 10.3390\/ECMC2023-15586<\/li>\n\n\n\n<li>Paulina Mucha, Jan Milanowski, Jaros\u0142aw Nuszkiewicz; \u201eLithium in the treatment of bipolar disorder\u201d, National Scientific Conference \u201ee-Factory of Science\u201d VII edition \u2013 online \u2013 09.04.2022 r.<\/li>\n\n\n\n<li>Joanna Kruszka, Jaros\u0142aw Nuszkiewicz; \u201eEffect flavanols of Theobroma L. Beans on the cardiovascular system\u201d, National Scientific Conference \u201ee-Factory of Science\u201d VII edition \u2013 online \u2013 09.04.2022 r.<\/li>\n\n\n\n<li>Dorian Jarek, Jaros\u0142aw Nuszkiewicz, Karolina Szewczyk-Golec; ,,Alpha-synuclein and its role in neurodegenerative diseases\u201d, National Scientific Conference \u201eUnderstand the Science\u201d V edition \u2013 online \u2013 25.09.2021 r.<\/li>\n\n\n\n<li>Oliwia Kotowska, Paulina Mucha, Jaros\u0142aw Nuszkiewicz; ,,The role of vitamin D in the development of psoriasis\u201d, National Scientific Conference \u201eUnderstand the Science\u201d V edition \u2013 online \u2013 25.09.2021 r.<\/li>\n\n\n\n<li>Jan Milanowski, Jaros\u0142aw Nuszkiewicz, Karolina Szewczyk-Golec; ,,The role of leptin in the development and course of Parkinson\u2019s disease\u2019\u2019, National Scientific Conference \u201eUnderstand the Science\u201d \u2013 online \u2013 26.09.2020 r.<\/li>\n\n\n\n<li>Dominik Dudek, Weronika Fal\u0119cka, Jan Milanowski, Jaros\u0142aw Nuszkiewicz, Karolina Szewczyk-Golec; ,,Gene therapy in Parkinson s disease\u2019\u2019, National Scientific Conference \u201e1st Summer Scientific On-line School\u201d \u2013 on-line \u2013 08.08.2020 r.<\/li>\n\n\n\n<li>Weronika Fal\u0119cka, Dominik Dudek, Jan Milanowski, Jaros\u0142aw Nuszkiewicz, Marlena Markiewicz, Karolina Szewczyk-Golec; ,,Role of the estrogenes in Parkinson s disease\u2019\u2019, National Scientific Conference \u201e1st Summer Scientific On-line School\u201d \u2013 on-line \u2013 08.08.2020 r.<\/li>\n\n\n\n<li>Jan Milanowski, Dominik Dudek, Weronika Fal\u0119cka, Jaros\u0142aw Nuszkiewicz, Marlena Markiewicz, Karolina Szewczyk-Golec; ,,Bacteriocins and their therapeutic potential\u2019\u2019, National Scientific Conference \u201e1st Summer Scientific On-line School\u201d \u2013 on-line \u2013 08.08.2020 r.<\/li>\n\n\n\n<li>Jan Milanowski, Dominik Dudek, Weronika Fal\u0119cka, Jaros\u0142aw Nuszkiewicz; ,,Colorectal cancer \u2013 new trends in diagnostics, treatment and their survival prognostic value\u2019\u2019, National Scientific e-Conference \u201ee-Factory of Science\u201d III edition \u2013\u2013 on-line \u2013 09.05.2020 r.<\/li>\n\n\n\n<li>Weronika Fal\u0119cka, Dominik Dudek, Jan Milanowski, Jaros\u0142aw Nuszkiewicz; ,,Role of prolactin and prolactin receptor in cancer progression\u2019\u2019, National Scientific e-Conference \u201ee-Factory of Science\u201d III edition \u2013\u2013 on-line \u2013 09.05.2020 r.<\/li>\n\n\n\n<li>Dominik Dudek , Weronika Fal\u0119cka, Jan Milanowski, Jaros\u0142aw Nuszkiewicz; ,,CRISPR-CAS \u2013 a new tool in diagnostics and treatment of viral and cancerous diseases\u2019\u2019, National Scientific e-Conference \u201ee-Factory of Science\u201d III edition \u2013\u2013 on-line \u2013 09.05.2020 r.<\/li>\n\n\n\n<li>Daria Malicka, Dominika Markowska, Jaros\u0142aw Nuszkiewicz; ,,Rola wybranych antyoksydant\u00f3w i adipokin w prewencji i leczeniu choroby Parkinsona\u201d, XI Interdyscyplinarna Konferencja Naukowa TYGIEL 2019 \u2013 Lublin, 23-24.03.2019 r.<\/li>\n\n\n\n<li>Dominika Tulska, Dominika Skonieczna, Jaros\u0142aw Nuszkiewicz, Karolina Szewczyk-Golec; \u201eNowe markery u\u017cyteczne w prognozowaniu udaru niedokrwiennego m\u00f3zgu\u201d, International Conference of Natural and Medical Sciences, Young Scientists, PhD Students and Students \u2013 Lublin, 01-03.12.2017 r.<\/li>\n<\/ul>\n\n\n\n<p><\/p>\n","protected":false},"excerpt":{"rendered":"<p>The Student Research Club (SRC) of Medical Biology and Biochemistry focuses its scientific activities on a broad range of topics in medical biology and biochemistry. Special emphasis is placed on research into central nervous system diseases, such as strokes and neurodegenerative disorders, including Parkinson&#8217;s and Alzheimer&#8217;s disease. Additionally, members of the club explore issues related &hellip; <a href=\"https:\/\/stn.cm.umk.pl\/gb\/skn-biologii-i-biochemii-medycznej\/\" class=\"more-link\">Continue reading<span class=\"screen-reader-text\"> &#8220;SRC Medical Biology and Biochemistery&#8221;<\/span><\/a><\/p>\n","protected":false},"author":12,"featured_media":0,"parent":0,"menu_order":0,"comment_status":"closed","ping_status":"closed","template":"","meta":{"footnotes":""},"class_list":["post-2554","page","type-page","status-publish","hentry"],"translation":{"provider":"WPGlobus","version":"3.0.0","language":"gb","enabled_languages":["pl","gb"],"languages":{"pl":{"title":true,"content":true,"excerpt":false},"gb":{"title":true,"content":true,"excerpt":false}}},"aioseo_notices":[],"jetpack_sharing_enabled":true,"_links":{"self":[{"href":"https:\/\/stn.cm.umk.pl\/gb\/wp-json\/wp\/v2\/pages\/2554","targetHints":{"allow":["GET"]}}],"collection":[{"href":"https:\/\/stn.cm.umk.pl\/gb\/wp-json\/wp\/v2\/pages"}],"about":[{"href":"https:\/\/stn.cm.umk.pl\/gb\/wp-json\/wp\/v2\/types\/page"}],"author":[{"embeddable":true,"href":"https:\/\/stn.cm.umk.pl\/gb\/wp-json\/wp\/v2\/users\/12"}],"replies":[{"embeddable":true,"href":"https:\/\/stn.cm.umk.pl\/gb\/wp-json\/wp\/v2\/comments?post=2554"}],"version-history":[{"count":21,"href":"https:\/\/stn.cm.umk.pl\/gb\/wp-json\/wp\/v2\/pages\/2554\/revisions"}],"predecessor-version":[{"id":4923,"href":"https:\/\/stn.cm.umk.pl\/gb\/wp-json\/wp\/v2\/pages\/2554\/revisions\/4923"}],"wp:attachment":[{"href":"https:\/\/stn.cm.umk.pl\/gb\/wp-json\/wp\/v2\/media?parent=2554"}],"curies":[{"name":"wp","href":"https:\/\/api.w.org\/{rel}","templated":true}]}}