{"id":191,"date":"2015-06-04T12:18:41","date_gmt":"2015-06-04T10:18:41","guid":{"rendered":"http:\/\/stn.cm.umk.pl\/?page_id=191"},"modified":"2016-06-20T16:11:43","modified_gmt":"2016-06-20T14:11:43","slug":"wydarzenia-organizowane-i-wspierane","status":"publish","type":"page","link":"https:\/\/stn.cm.umk.pl\/gb\/wydarzenia-organizowane-i-wspierane\/","title":{"rendered":"WYDARZENIA ORGANIZOWANE I WSPIERANE"},"content":{"rendered":"<div>Poni\u017cej przedstawiamy konferencje, zorganizowane b\u0105d\u017a wspierane przez Studenckie Towarzystwo Naukowe Collegium Medicum Uniwersytetu Miko\u0142aja Kopernika w Bydgoszczy.<\/div>\n<div><\/div>\n<div>\n<hr \/>\n<\/div>\n<div><strong>11-12 czerwca 2016 roku &#8211; wsp\u00f3\u0142organizator<\/strong><\/div>\n<div> Kongres iMEDIC 2016 <\/div>\n<div><a href=\"http:\/\/www.cm.umk.pl\/aktualnosci-collegium-medicum-umk\/3022-kongres-imedic-2016.html\">LINK do strony &gt;&gt;<\/a><\/div>\n<div>\n<hr \/>\n<\/div>\n<div><strong>11-13 czerwca 2015 roku &#8211; wsp\u00f3\u0142organizator<\/strong><\/div>\n<div>International Cardiovascular Research Meeting<\/div>\n<div><a href=\"http:\/\/www.copernicusaward.com\">LINK do strony &gt;&gt;<\/a><\/div>\n<div>\n<hr \/>\n<\/div>\n<div><strong>29 maja 2015 roku &#8211; patronat<\/strong><\/div>\n<div>\u201eI Mi\u0119dzynarodowa Sesja Geriatrii i Gerontologii M\u0142odych Naukowc\u00f3w<em>\u201e<\/em>kt\u00f3ra odby\u0142a si\u0119 podczas Mi\u0119dzynarodowej Konferencji Naukowo-Szkoleniowej: \u201eWsp\u00f3\u0142czesne piel\u0119gniarstwo i opieka medyczna w wybranych krajach Europy \u2013 stan aktualny i przysz\u0142o\u015b\u0107\u201d<br \/>\n<a href=\"https:\/\/geriatriacmumk.wordpress.com\/2015\/03\/06\/53\/\">LINK do strony&gt;&gt;<\/a><\/div>\n<div>\n<hr \/>\n<\/div>\n<div><strong>10-11 kwietnia 2015 roku &#8211; sponsor\u00a0<\/strong><\/div>\n<div>Mi\u0119dzynarodowa Konferencja Naukowa &#8220;Sztuka Rozmowy Podstaw\u0105 Diagnozy&#8221;<br \/>\n<a href=\"https:\/\/www.facebook.com\/sztuka.rozmowy\">LINK do strony&gt;&gt;<\/a><\/div>\n<div>\n<hr \/>\n<\/div>\n<div><strong>28-29 marca 2015 roku &#8211; wsp\u00f3\u0142organizator<br \/>\n<\/strong>IV Og\u00f3lnopolska Konferencja Studenckich Ginekologicznych K\u00f3\u0142 Naukowych &#8220;Rak jajnika wyzwaniem wsp\u00f3\u0142czesnej ginekologii onkologicznej&#8221;<br \/>\n<a href=\"http:\/\/rakjajnika.cm.umk.pl\/index.php\/home\/komitet\">LINK do strony &gt;&gt;\u00a0<\/a><\/div>\n<div>\n<hr \/>\n<\/div>\n<div>\u00a0<strong>14-15 marca 2015 roku &#8211; patronat honorowy<\/strong><\/div>\n<div>\u00a0Central European Conference on Regenerative Medicine (CECRM)<\/div>\n<div><a href=\"http:\/\/cecrm.pl\/\">LINK do strony &gt;&gt;<br \/>\n<\/a><\/div>\n<div>\n<hr \/>\n<\/div>\n<div><strong>5-7 grudnia 2014 roku &#8211; sponsor<\/strong><\/div>\n<div>\u00a0Og\u00f3nopolska Konferencja Naukowa M\u0142odej Farmacji &#8220;Alergia &#8211; problem XXI wieku&#8221;<\/div>\n<div><a href=\"http:\/\/bydgoszcz.mf.edu.pl\/konferencja\/\">LINK do strony &gt;&gt;<\/a><\/div>\n<div>\n<hr \/>\n<\/div>\n<div><strong>9\u00a0<\/strong><strong><strong>-10 maja 2014 roku &#8211; organizator<br \/>\n<\/strong><\/strong>III Og\u00f3lnopolska Konferencja Doktorant\u00f3w i M\u0142odych Naukowc\u00f3w\u00a0\u201ePer scientiam ad salutem aegroti\u201d<br \/>\n<a href=\"http:\/\/www.doktoranci.cm.umk.pl\/\" target=\"_blank\">LINK do strony &gt;&gt;\u00a0<\/a><\/div>\n<div>\n<hr \/>\n<\/div>\n<div>\u00a0<strong>11 &#8211; 12 kwietnia 2014 roku &#8211; organizator<\/strong><\/div>\n<div>\u00a0Konferencja profilaktyczno &#8211; naukowa &#8220;Czy cukrzyca i oty\u0142o\u015b\u0107 s\u0105 dramatem XXI wieku?&#8221;<\/div>\n<div><a href=\"http:\/\/www.samorzad.cm.umk.pl\/organizacje-studenckie\/aktualnosci-organizacje-studenckie\/53-aktualnosci-stn-cm-umk\/409-stn-konferencja-profilaktyczno-naukowa-qczy-cukrzyca-i-otylosc-sa-dramatem-xxi-wiekuq.html\" target=\"_blank\">LINK do strony &gt;&gt;<\/a><\/div>\n<div>\n<hr \/>\n<\/div>\n<div><strong>29 marca 2014 roku &#8211; organizator<\/strong><\/div>\n<div>Bydgoskie Spotkania Bioetyczne &#8220;Bioetyczne, medyczne i psychosocjologiczne aspekty to\u017csamo\u015bci p\u0142ci&#8221;<\/div>\n<div><a href=\"http:\/\/www.samorzad.cm.umk.pl\/news\/69-aktualnosci-wydarzenia\/konferencje-spotkania-naukowo-szkoleniowe\/405-konferencja-bydgoskie-spoktania.html\" target=\"_blank\">LINK do strony &gt;&gt;<\/a><\/div>\n<div>\n<hr \/>\n<\/div>\n<div><strong>26 &#8211; 27 kwietnia 2013 roku &#8211; organizator<\/strong><\/div>\n<div>\u00a0II Og\u00f3lnopolska Konferencja Doktorant\u00f3w i M\u0142odych Naukowc\u00f3w\u00a0\u201ePer scientiam ad salutem aegroti\u201d<\/div>\n<div><a href=\"http:\/\/www.doktoranci2013.cm.umk.pl\/\" target=\"_blank\">LINK do strony &gt;&gt;<\/a><\/div>\n<div>\n<hr \/>\n<\/div>\n<div>\u00a0<strong>3 grudnia 2012 roku &#8211; organizator<\/strong><\/div>\n<div>\n<div>\u00a0Seminarium: Prawo w medycynie: Zgoda pacjenta na zabieg medyczny<br \/>\n<a href=\"http:\/\/www.samorzad.cm.umk.pl\/news\/69-aktualnosci-wydarzenia\/konferencje-spotkania-naukowo-szkoleniowe\/212-konferencja-prawo-w-medycynie-zgoda-pacjenta-na-zabieg-medyczny.html\" target=\"_blank\">LINK do strony &gt;&gt;<\/a><\/div>\n<\/div>\n","protected":false},"excerpt":{"rendered":"<p>Poni\u017cej przedstawiamy konferencje, zorganizowane b\u0105d\u017a wspierane przez Studenckie Towarzystwo Naukowe Collegium Medicum Uniwersytetu Miko\u0142aja Kopernika w Bydgoszczy. 11-12 czerwca 2016 roku &#8211; wsp\u00f3\u0142organizator Kongres iMEDIC 2016 LINK do strony &gt;&gt; 11-13 czerwca 2015 roku &#8211; wsp\u00f3\u0142organizator International Cardiovascular Research Meeting LINK do strony &gt;&gt; 29 maja 2015 roku &#8211; patronat \u201eI Mi\u0119dzynarodowa Sesja Geriatrii i &hellip; <a href=\"https:\/\/stn.cm.umk.pl\/gb\/wydarzenia-organizowane-i-wspierane\/\" class=\"more-link\">Continue reading<span class=\"screen-reader-text\"> &#8220;WYDARZENIA ORGANIZOWANE I WSPIERANE&#8221;<\/span><\/a><\/p>\n","protected":false},"author":1,"featured_media":0,"parent":0,"menu_order":0,"comment_status":"closed","ping_status":"open","template":"","meta":{"footnotes":""},"class_list":["post-191","page","type-page","status-publish","hentry"],"translation":{"provider":"WPGlobus","version":"3.0.0","language":"gb","enabled_languages":["pl","gb"],"languages":{"pl":{"title":true,"content":true,"excerpt":false},"gb":{"title":false,"content":false,"excerpt":false}}},"aioseo_notices":[],"jetpack_sharing_enabled":true,"_links":{"self":[{"href":"https:\/\/stn.cm.umk.pl\/gb\/wp-json\/wp\/v2\/pages\/191","targetHints":{"allow":["GET"]}}],"collection":[{"href":"https:\/\/stn.cm.umk.pl\/gb\/wp-json\/wp\/v2\/pages"}],"about":[{"href":"https:\/\/stn.cm.umk.pl\/gb\/wp-json\/wp\/v2\/types\/page"}],"author":[{"embeddable":true,"href":"https:\/\/stn.cm.umk.pl\/gb\/wp-json\/wp\/v2\/users\/1"}],"replies":[{"embeddable":true,"href":"https:\/\/stn.cm.umk.pl\/gb\/wp-json\/wp\/v2\/comments?post=191"}],"version-history":[{"count":3,"href":"https:\/\/stn.cm.umk.pl\/gb\/wp-json\/wp\/v2\/pages\/191\/revisions"}],"predecessor-version":[{"id":369,"href":"https:\/\/stn.cm.umk.pl\/gb\/wp-json\/wp\/v2\/pages\/191\/revisions\/369"}],"wp:attachment":[{"href":"https:\/\/stn.cm.umk.pl\/gb\/wp-json\/wp\/v2\/media?parent=191"}],"curies":[{"name":"wp","href":"https:\/\/api.w.org\/{rel}","templated":true}]}}