{"id":186,"date":"2015-05-28T20:34:36","date_gmt":"2015-05-28T18:34:36","guid":{"rendered":"http:\/\/stn.cm.umk.pl\/?page_id=186"},"modified":"2026-05-10T11:19:28","modified_gmt":"2026-05-10T09:19:28","slug":"najblizsze-dyzury","status":"publish","type":"page","link":"https:\/\/stn.cm.umk.pl\/gb\/najblizsze-dyzury\/","title":{"rendered":"Dy\u017cury"},"content":{"rendered":"<p><strong>Maj 2026<br \/><\/strong><\/p>\n<p><strong>13.05.2026 (\u015aroda) 15:00 &#8211; 17:00<br \/>15.052026 (Pi\u0105tek) 14:00 &#8211; 15:00<br \/><\/strong><strong>25.05.2026 (Poniedzia\u0142ek) 14:00 \u2013 16:00<\/strong><\/p>\n\n\n<p><\/p>\n","protected":false},"excerpt":{"rendered":"<p>Maj 2026 13.05.2026 (\u015aroda) 15:00 &#8211; 17:0015.052026 (Pi\u0105tek) 14:00 &#8211; 15:0025.05.2026 (Poniedzia\u0142ek) 14:00 \u2013 16:00<\/p>\n","protected":false},"author":1,"featured_media":0,"parent":0,"menu_order":0,"comment_status":"closed","ping_status":"open","template":"","meta":{"footnotes":""},"class_list":["post-186","page","type-page","status-publish","hentry"],"translation":{"provider":"WPGlobus","version":"3.0.0","language":"gb","enabled_languages":["pl","gb"],"languages":{"pl":{"title":true,"content":true,"excerpt":false},"gb":{"title":false,"content":false,"excerpt":false}}},"aioseo_notices":[],"jetpack_sharing_enabled":true,"_links":{"self":[{"href":"https:\/\/stn.cm.umk.pl\/gb\/wp-json\/wp\/v2\/pages\/186","targetHints":{"allow":["GET"]}}],"collection":[{"href":"https:\/\/stn.cm.umk.pl\/gb\/wp-json\/wp\/v2\/pages"}],"about":[{"href":"https:\/\/stn.cm.umk.pl\/gb\/wp-json\/wp\/v2\/types\/page"}],"author":[{"embeddable":true,"href":"https:\/\/stn.cm.umk.pl\/gb\/wp-json\/wp\/v2\/users\/1"}],"replies":[{"embeddable":true,"href":"https:\/\/stn.cm.umk.pl\/gb\/wp-json\/wp\/v2\/comments?post=186"}],"version-history":[{"count":132,"href":"https:\/\/stn.cm.umk.pl\/gb\/wp-json\/wp\/v2\/pages\/186\/revisions"}],"predecessor-version":[{"id":5132,"href":"https:\/\/stn.cm.umk.pl\/gb\/wp-json\/wp\/v2\/pages\/186\/revisions\/5132"}],"wp:attachment":[{"href":"https:\/\/stn.cm.umk.pl\/gb\/wp-json\/wp\/v2\/media?parent=186"}],"curies":[{"name":"wp","href":"https:\/\/api.w.org\/{rel}","templated":true}]}}