{"id":102,"date":"2015-04-19T15:27:23","date_gmt":"2015-04-19T13:27:23","guid":{"rendered":"http:\/\/stn.cm.umk.pl\/?page_id=102"},"modified":"2026-01-13T20:57:34","modified_gmt":"2026-01-13T19:57:34","slug":"zarzad","status":"publish","type":"page","link":"https:\/\/stn.cm.umk.pl\/gb\/zarzad\/","title":{"rendered":"Board of the Student Scientific Society"},"content":{"rendered":"\n<div class=\"wp-block-group\"><div class=\"wp-block-group__inner-container is-layout-constrained wp-block-group-is-layout-constrained\">\n<div class=\"wp-block-group\"><div class=\"wp-block-group__inner-container is-layout-constrained wp-block-group-is-layout-constrained\">\n<p>President: <strong>Patrycja Czaj<\/strong><\/p>\n\n\n\n<p>Vice president for Marketing: <strong>Kacper Grabowski<\/strong><\/p>\n\n\n\n<p>Treasuer: <strong>Bartek \u0141awicki<\/strong><\/p>\n\n\n\n<p>Secretary: <strong>Szymon Krzykowski<\/strong><\/p>\n\n\n\n<p>Specialist for Scientific Affairs PD: <strong>Antoni Godlewski<\/strong><\/p>\n\n\n\n<p>Specialist for Scientific Affairs ED: <strong>Ignacy M\u0142odzianowski<\/strong><\/p>\n\n\n\n<p>Social Media Specialist PD: <strong>Julia Kuk; Adrian Dru\u017cy\u0144ski<\/strong><\/p>\n\n\n\n<p>SKN specialist PD: <strong>Joanna Pedryc<\/strong><\/p>\n\n\n\n<p>SRC specialist: <strong>Jakub Sobieraj<\/strong><\/p>\n\n\n\n<p>Audit Committee: <strong>Wojciech Rzepka, Magdalena Pitek, Marta Rogacka<\/strong><\/p>\n<\/div><\/div>\n<\/div><\/div>\n\n\n\n<p><\/p>\n","protected":false},"excerpt":{"rendered":"<p>President: Patrycja Czaj Vice president for Marketing: Kacper Grabowski Treasuer: Bartek \u0141awicki Secretary: Szymon Krzykowski Specialist for Scientific Affairs PD: Antoni Godlewski Specialist for Scientific Affairs ED: Ignacy M\u0142odzianowski Social Media Specialist PD: Julia Kuk; Adrian Dru\u017cy\u0144ski SKN specialist PD: Joanna Pedryc SRC specialist: Jakub Sobieraj Audit Committee: Wojciech Rzepka, Magdalena Pitek, Marta Rogacka<\/p>\n","protected":false},"author":1,"featured_media":0,"parent":0,"menu_order":0,"comment_status":"closed","ping_status":"closed","template":"","meta":{"footnotes":""},"class_list":["post-102","page","type-page","status-publish","hentry"],"translation":{"provider":"WPGlobus","version":"3.0.0","language":"gb","enabled_languages":["pl","gb"],"languages":{"pl":{"title":true,"content":true,"excerpt":false},"gb":{"title":true,"content":true,"excerpt":false}}},"aioseo_notices":[],"jetpack_sharing_enabled":true,"_links":{"self":[{"href":"https:\/\/stn.cm.umk.pl\/gb\/wp-json\/wp\/v2\/pages\/102","targetHints":{"allow":["GET"]}}],"collection":[{"href":"https:\/\/stn.cm.umk.pl\/gb\/wp-json\/wp\/v2\/pages"}],"about":[{"href":"https:\/\/stn.cm.umk.pl\/gb\/wp-json\/wp\/v2\/types\/page"}],"author":[{"embeddable":true,"href":"https:\/\/stn.cm.umk.pl\/gb\/wp-json\/wp\/v2\/users\/1"}],"replies":[{"embeddable":true,"href":"https:\/\/stn.cm.umk.pl\/gb\/wp-json\/wp\/v2\/comments?post=102"}],"version-history":[{"count":48,"href":"https:\/\/stn.cm.umk.pl\/gb\/wp-json\/wp\/v2\/pages\/102\/revisions"}],"predecessor-version":[{"id":4837,"href":"https:\/\/stn.cm.umk.pl\/gb\/wp-json\/wp\/v2\/pages\/102\/revisions\/4837"}],"wp:attachment":[{"href":"https:\/\/stn.cm.umk.pl\/gb\/wp-json\/wp\/v2\/media?parent=102"}],"curies":[{"name":"wp","href":"https:\/\/api.w.org\/{rel}","templated":true}]}}